{"id":94,"date":"2020-07-20T20:17:55","date_gmt":"2020-07-20T20:17:55","guid":{"rendered":"http:\/\/asfd-divadlo.sk\/?page_id=94"},"modified":"2021-10-27T15:34:36","modified_gmt":"2021-10-27T15:34:36","slug":"program","status":"publish","type":"page","link":"https:\/\/asfd-divadlo.sk\/en\/program\/","title":{"rendered":"Program"},"content":{"rendered":"<figure class=\"wp-block-table is-style-regular\"><table><tbody><tr><td class=\"has-text-align-center\" data-align=\"center\">Currently, we have no upcoming events. <\/td><\/tr><\/tbody><\/table><\/figure>","protected":false},"excerpt":{"rendered":"<p>Moment\u00e1lne nem\u00e1me \u017eiadne nadch\u00e1dzaj\u00face aktivity. [&#8230;]<\/p>\n<p><a class=\"btn btn-secondary understrap-read-more-link\" href=\"https:\/\/asfd-divadlo.sk\/en\/program\/\">Read More&#8230;<\/a><\/p>\n","protected":false},"author":1,"featured_media":0,"parent":0,"menu_order":0,"comment_status":"closed","ping_status":"closed","template":"","meta":{"inline_featured_image":false,"spay_email":"","footnotes":"","_links_to":"","_links_to_target":""},"class_list":["post-94","page","type-page","status-publish","hentry"],"_links":{"self":[{"href":"https:\/\/asfd-divadlo.sk\/en\/wp-json\/wp\/v2\/pages\/94","targetHints":{"allow":["GET"]}}],"collection":[{"href":"https:\/\/asfd-divadlo.sk\/en\/wp-json\/wp\/v2\/pages"}],"about":[{"href":"https:\/\/asfd-divadlo.sk\/en\/wp-json\/wp\/v2\/types\/page"}],"author":[{"embeddable":true,"href":"https:\/\/asfd-divadlo.sk\/en\/wp-json\/wp\/v2\/users\/1"}],"replies":[{"embeddable":true,"href":"https:\/\/asfd-divadlo.sk\/en\/wp-json\/wp\/v2\/comments?post=94"}],"version-history":[{"count":31,"href":"https:\/\/asfd-divadlo.sk\/en\/wp-json\/wp\/v2\/pages\/94\/revisions"}],"predecessor-version":[{"id":982,"href":"https:\/\/asfd-divadlo.sk\/en\/wp-json\/wp\/v2\/pages\/94\/revisions\/982"}],"wp:attachment":[{"href":"https:\/\/asfd-divadlo.sk\/en\/wp-json\/wp\/v2\/media?parent=94"}],"curies":[{"name":"wp","href":"https:\/\/api.w.org\/{rel}","templated":true}]}}